{"id":3835,"date":"2018-05-16T17:05:50","date_gmt":"2018-05-16T20:05:50","guid":{"rendered":"http:\/\/gprimavera.org.br\/?page_id=3835"},"modified":"2021-02-03T16:14:06","modified_gmt":"2021-02-03T19:14:06","slug":"fantoches-proac","status":"publish","type":"page","link":"https:\/\/gprimavera.org.br\/index.php\/fantoches-proac\/","title":{"rendered":"Fantoches &#8211; PROAC"},"content":{"rendered":"<p><div class=\"fusion-fullwidth fullwidth-box fusion-builder-row-1 fusion-parallax-fixed hundred-percent-fullwidth non-hundred-percent-height-scrolling\"  style='background-color: rgba(255,255,255,0);background-image: url(\"http:\/\/gprimavera.org.br\/wp-content\/uploads\/2018\/05\/captacao_pronac-2018.jpg\");background-position: center center;background-repeat: no-repeat;padding-top:20px;padding-right:0px;padding-bottom:20px;padding-left:0px;-webkit-background-size:cover;-moz-background-size:cover;-o-background-size:cover;background-size:cover;background-attachment:fixed;'><div class=\"fusion-builder-row fusion-row \"><div  class=\"fusion-layout-column fusion_builder_column fusion_builder_column_1_1 fusion-builder-column-1 fusion-one-full fusion-column-first fusion-column-last 1_1\"  style='margin-top:0px;margin-bottom:20px;'>\n\t\t\t\t\t<div class=\"fusion-column-wrapper\" style=\"background-position:left top;background-repeat:no-repeat;-webkit-background-size:cover;-moz-background-size:cover;-o-background-size:cover;background-size:cover;\"   data-bg-url=\"\">\n\t\t\t\t\t\t<div class=\"fusion-sep-clear\"><\/div><div class=\"fusion-separator fusion-full-width-sep sep-none\" style=\"margin-left: auto;margin-right: auto;margin-top:200px;margin-bottom:200px;\"><\/div><div class=\"fusion-clearfix\"><\/div>\n\n\t\t\t\t\t<\/div>\n\t\t\t\t<\/div><\/div><\/div><div class=\"fusion-fullwidth fullwidth-box fusion-builder-row-2 nonhundred-percent-fullwidth non-hundred-percent-height-scrolling\"  style='background-color: rgba(255,255,255,0);background-position: center center;background-repeat: no-repeat;padding-top:20px;padding-right:0px;padding-bottom:20px;padding-left:0px;'><div class=\"fusion-builder-row fusion-row \"><div  class=\"fusion-layout-column fusion_builder_column fusion_builder_column_1_1 fusion-builder-column-2 fusion-one-full fusion-column-first fusion-column-last 1_1\"  style='margin-top:0px;margin-bottom:20px;'>\n\t\t\t\t\t<div class=\"fusion-column-wrapper\" style=\"background-position:left top;background-repeat:no-repeat;-webkit-background-size:cover;-moz-background-size:cover;-o-background-size:cover;background-size:cover;\"   data-bg-url=\"\">\n\t\t\t\t\t\t<div class=\"fusion-sep-clear\"><\/div><div class=\"fusion-separator fusion-full-width-sep sep-none\" style=\"margin-left: auto;margin-right: auto;margin-top:20px;margin-bottom:20px;\"><\/div><style type=\"text\/css\"><\/style><div class=\"fusion-title title fusion-title-1 fusion-sep-none fusion-title-center fusion-title-text fusion-title-size-one\" style=\"margin-top:0px;margin-bottom:31px;\"><h1 class=\"title-heading-center\" style=\"margin:0;\"><h1 style=\"text-align: center;\"><span style=\"color: #ff0000;\">Projeto Teatro de Fantoches do Grupo Primavera<\/span><\/h1>\n<h2 style=\"text-align: center;\">PROAC 25407<\/h2>\n<p>&nbsp;<\/p><\/h1><\/div><div class=\"fusion-clearfix\"><\/div>\n\n\t\t\t\t\t<\/div>\n\t\t\t\t<\/div><div  class=\"fusion-layout-column fusion_builder_column fusion_builder_column_1_2 fusion-builder-column-3 fusion-one-half fusion-column-first 1_2\"  style='margin-top:0px;margin-bottom:20px;width:50%;width:calc(50% - ( ( 4% ) * 0.5 ) );margin-right: 4%;'>\n\t\t\t\t\t<div class=\"fusion-column-wrapper\" style=\"background-position:left top;background-repeat:no-repeat;-webkit-background-size:cover;-moz-background-size:cover;-o-background-size:cover;background-size:cover;\"   data-bg-url=\"\">\n\t\t\t\t\t\t<div class=\"fusion-text\"><p class=\"m_-2536410298254199778m_-5335092176373796202MsoNoSpacing\">O Grupo Primavera acredita que, por meio do teatro com fantoches, \u00e9 poss\u00edvel desenvolver nas crian\u00e7as criatividade, desenvoltura, facilidade de comunica\u00e7\u00e3o e gosto pela leitura e pela arte e, ao mesmo tempo, proporcionar mecanismos diferentes para o aprendizado delas. Por isso, idealizou e implantou pela primeira vez em 2006 o Projeto \u201cTeatro de Fantoches: oficina, workshop e apresenta\u00e7\u00f5es\u201d.<u><\/u><u><\/u><\/p>\n<p class=\"m_-2536410298254199778m_-5335092176373796202MsoNoSpacing\">Nessa data, os bonecos confeccionados em tecidos pela equipe de artes\u00e3s da organiza\u00e7\u00e3o social foram adotados em 75 escolas municipais e estaduais de Campinas, al\u00e9m de bibliotecas da cidade que foram palco das hist\u00f3rias dos fantoches. Entre os personagens desenvolvidos para o projeto est\u00e3o cachorro, av\u00f4, av\u00f3, motoqueiro, super-her\u00f3i do tr\u00e2nsito, gotinha, alface e sem\u00e1foro, que permitem aos professores abordarem em sala de aula temas como meio ambiente, educa\u00e7\u00e3o para o tr\u00e2nsito, inclus\u00e3o social, alimenta\u00e7\u00e3o saud\u00e1vel e sa\u00fade bucal.<u><\/u><u><\/u><\/p>\n<p class=\"m_-2536410298254199778m_-5335092176373796202MsoNoSpacing\">Ao longo desses quase 12 anos de projeto, os fantoches j\u00e1 foram utilizados em escolas p\u00fablicas de v\u00e1rios outros munic\u00edpios do Brasil, como Hortol\u00e2ndia (SP), Sumar\u00e9 (SP), Itirapina (SP), S\u00e3o Jos\u00e9 do Rio Preto (SP), Mairinque (SP), Manaus (AM), Recife (PE) e Bom Princ\u00edpio (RS). Somente em Manaus, o Grupo Primavera capacitou em 2016 um total de 60 professores, que utilizaram os fantoches em sala de aula junto a aproximadamente 11 mil crian\u00e7as entre 4 a 6 anos de idade.<u><\/u><u><\/u><\/p>\n<p class=\"m_-2536410298254199778m_-5335092176373796202MsoNoSpacing\">As parcerias com as escolas p\u00fablicas do Pa\u00eds s\u00e3o realizadas entre o Grupo Primavera e a Secretaria Municipal de Educa\u00e7\u00e3o de cada cidade. Grandes empresas patrocinam o projeto, levando suas marcas nos kits que cont\u00eam os bonecos e os livros pedag\u00f3gicos que ensinam sobre o uso adequado dos fantoches.<\/p>\n<\/div><div class=\"fusion-clearfix\"><\/div>\n\n\t\t\t\t\t<\/div>\n\t\t\t\t<\/div><div  class=\"fusion-layout-column fusion_builder_column fusion_builder_column_1_2 fusion-builder-column-4 fusion-one-half fusion-column-last 1_2\"  style='margin-top:0px;margin-bottom:20px;width:50%;width:calc(50% - ( ( 4% ) * 0.5 ) );'>\n\t\t\t\t\t<div class=\"fusion-column-wrapper\" style=\"background-position:left top;background-repeat:no-repeat;-webkit-background-size:cover;-moz-background-size:cover;-o-background-size:cover;background-size:cover;\"   data-bg-url=\"\">\n\t\t\t\t\t\t<span class=\"fusion-imageframe imageframe-none imageframe-1 hover-type-none\"><img loading=\"lazy\" decoding=\"async\" src=\"http:\/\/gprimavera.org.br\/wp-content\/uploads\/2018\/05\/criancas.jpg\" width=\"400\" height=\"405\" alt=\"Foto: Crian\u00e7as assistem uma apresenta\u00e7\u00e3o de fantoches\" title=\"criancas\" class=\"img-responsive wp-image-3831\" srcset=\"https:\/\/gprimavera.org.br\/wp-content\/uploads\/2018\/05\/criancas-200x203.jpg 200w, https:\/\/gprimavera.org.br\/wp-content\/uploads\/2018\/05\/criancas.jpg 400w\" sizes=\"(max-width: 1100px) 100vw, 400px\" \/><\/span><div class=\"fusion-sep-clear\"><\/div><div class=\"fusion-separator fusion-full-width-sep sep-none\" style=\"margin-left: auto;margin-right: auto;margin-top:20px;margin-bottom:20px;\"><\/div><span class=\"fusion-imageframe imageframe-none imageframe-2 hover-type-none\"><img loading=\"lazy\" decoding=\"async\" src=\"http:\/\/gprimavera.org.br\/wp-content\/uploads\/2018\/05\/sacola.jpg\" width=\"300\" height=\"378\" alt=\"Foto: Um kit contendo os fantoches oferecidos pelo projeto\" title=\"sacola\" class=\"img-responsive wp-image-3833\" srcset=\"https:\/\/gprimavera.org.br\/wp-content\/uploads\/2018\/05\/sacola-200x252.jpg 200w, https:\/\/gprimavera.org.br\/wp-content\/uploads\/2018\/05\/sacola.jpg 300w\" sizes=\"(max-width: 1100px) 100vw, 300px\" \/><\/span><div class=\"fusion-clearfix\"><\/div>\n\n\t\t\t\t\t<\/div>\n\t\t\t\t<\/div><div  class=\"fusion-layout-column fusion_builder_column fusion_builder_column_1_1 fusion-builder-column-5 fusion-one-full fusion-column-first fusion-column-last 1_1\"  style='margin-top:0px;margin-bottom:20px;'>\n\t\t\t\t\t<div class=\"fusion-column-wrapper\" style=\"background-position:left top;background-repeat:no-repeat;-webkit-background-size:cover;-moz-background-size:cover;-o-background-size:cover;background-size:cover;\"   data-bg-url=\"\">\n\t\t\t\t\t\t<div class=\"fusion-sep-clear\"><\/div><div class=\"fusion-separator fusion-full-width-sep sep-none\" style=\"margin-left: auto;margin-right: auto;margin-top:20px;margin-bottom:20px;\"><\/div><div class=\"imageframe-align-center\"><span class=\"fusion-imageframe imageframe-none imageframe-3 hover-type-none\"><img loading=\"lazy\" decoding=\"async\" src=\"http:\/\/gprimavera.org.br\/wp-content\/uploads\/2018\/05\/tabela_fantoches-1.jpg\" width=\"999\" height=\"310\" alt=\"\" title=\"tabela_fantoches\" class=\"img-responsive wp-image-4467\" srcset=\"https:\/\/gprimavera.org.br\/wp-content\/uploads\/2018\/05\/tabela_fantoches-1-200x62.jpg 200w, https:\/\/gprimavera.org.br\/wp-content\/uploads\/2018\/05\/tabela_fantoches-1-400x124.jpg 400w, https:\/\/gprimavera.org.br\/wp-content\/uploads\/2018\/05\/tabela_fantoches-1-600x186.jpg 600w, https:\/\/gprimavera.org.br\/wp-content\/uploads\/2018\/05\/tabela_fantoches-1-800x248.jpg 800w, https:\/\/gprimavera.org.br\/wp-content\/uploads\/2018\/05\/tabela_fantoches-1.jpg 999w\" sizes=\"(max-width: 1100px) 100vw, 999px\" \/><\/span><\/div><div class=\"fusion-sep-clear\"><\/div><div class=\"fusion-separator fusion-full-width-sep sep-none\" style=\"margin-left: auto;margin-right: auto;margin-top:20px;margin-bottom:20px;\"><\/div><div class=\"fusion-clearfix\"><\/div>\n\n\t\t\t\t\t<\/div>\n\t\t\t\t<\/div><\/div><\/div><\/p>\n","protected":false},"excerpt":{"rendered":"","protected":false},"author":9,"featured_media":0,"parent":0,"menu_order":0,"comment_status":"closed","ping_status":"closed","template":"100-width.php","meta":{"_mi_skip_tracking":false,"_monsterinsights_sitenote_active":false,"_monsterinsights_sitenote_note":"","_monsterinsights_sitenote_category":0,"footnotes":""},"class_list":["post-3835","page","type-page","status-publish","hentry"],"yoast_head":"<!-- This site is optimized with the Yoast SEO plugin v20.8 - https:\/\/yoast.com\/wordpress\/plugins\/seo\/ -->\n<title>Fantoches - PROAC - Grupo Primavera<\/title>\n<meta name=\"robots\" content=\"index, follow, max-snippet:-1, max-image-preview:large, max-video-preview:-1\" \/>\n<link rel=\"canonical\" href=\"https:\/\/gprimavera.org.br\/index.php\/fantoches-proac\/\" \/>\n<meta property=\"og:locale\" content=\"pt_BR\" \/>\n<meta property=\"og:type\" content=\"article\" \/>\n<meta property=\"og:title\" content=\"Fantoches - PROAC - Grupo Primavera\" \/>\n<meta property=\"og:url\" content=\"https:\/\/gprimavera.org.br\/index.php\/fantoches-proac\/\" \/>\n<meta property=\"og:site_name\" content=\"Grupo Primavera\" \/>\n<meta property=\"article:publisher\" content=\"https:\/\/www.facebook.com\/grupoprimavera\" \/>\n<meta property=\"article:modified_time\" content=\"2021-02-03T19:14:06+00:00\" \/>\n<meta name=\"twitter:card\" content=\"summary_large_image\" \/>\n<meta name=\"twitter:site\" content=\"@grupo_primavera\" \/>\n<meta name=\"twitter:label1\" content=\"Est. tempo de leitura\" \/>\n\t<meta name=\"twitter:data1\" content=\"5 minutos\" \/>\n<script type=\"application\/ld+json\" class=\"yoast-schema-graph\">{\"@context\":\"https:\/\/schema.org\",\"@graph\":[{\"@type\":\"WebPage\",\"@id\":\"https:\/\/gprimavera.org.br\/index.php\/fantoches-proac\/\",\"url\":\"https:\/\/gprimavera.org.br\/index.php\/fantoches-proac\/\",\"name\":\"Fantoches - PROAC - Grupo Primavera\",\"isPartOf\":{\"@id\":\"https:\/\/gprimavera.org.br\/#website\"},\"datePublished\":\"2018-05-16T20:05:50+00:00\",\"dateModified\":\"2021-02-03T19:14:06+00:00\",\"breadcrumb\":{\"@id\":\"https:\/\/gprimavera.org.br\/index.php\/fantoches-proac\/#breadcrumb\"},\"inLanguage\":\"pt-BR\",\"potentialAction\":[{\"@type\":\"ReadAction\",\"target\":[\"https:\/\/gprimavera.org.br\/index.php\/fantoches-proac\/\"]}]},{\"@type\":\"BreadcrumbList\",\"@id\":\"https:\/\/gprimavera.org.br\/index.php\/fantoches-proac\/#breadcrumb\",\"itemListElement\":[{\"@type\":\"ListItem\",\"position\":1,\"name\":\"In\u00edcio\",\"item\":\"https:\/\/gprimavera.org.br\/\"},{\"@type\":\"ListItem\",\"position\":2,\"name\":\"Fantoches &#8211; PROAC\"}]},{\"@type\":\"WebSite\",\"@id\":\"https:\/\/gprimavera.org.br\/#website\",\"url\":\"https:\/\/gprimavera.org.br\/\",\"name\":\"Grupo Primavera\",\"description\":\"\",\"potentialAction\":[{\"@type\":\"SearchAction\",\"target\":{\"@type\":\"EntryPoint\",\"urlTemplate\":\"https:\/\/gprimavera.org.br\/?s={search_term_string}\"},\"query-input\":\"required name=search_term_string\"}],\"inLanguage\":\"pt-BR\"}]}<\/script>\n<!-- \/ Yoast SEO plugin. -->","yoast_head_json":{"title":"Fantoches - PROAC - Grupo Primavera","robots":{"index":"index","follow":"follow","max-snippet":"max-snippet:-1","max-image-preview":"max-image-preview:large","max-video-preview":"max-video-preview:-1"},"canonical":"https:\/\/gprimavera.org.br\/index.php\/fantoches-proac\/","og_locale":"pt_BR","og_type":"article","og_title":"Fantoches - PROAC - Grupo Primavera","og_url":"https:\/\/gprimavera.org.br\/index.php\/fantoches-proac\/","og_site_name":"Grupo Primavera","article_publisher":"https:\/\/www.facebook.com\/grupoprimavera","article_modified_time":"2021-02-03T19:14:06+00:00","twitter_card":"summary_large_image","twitter_site":"@grupo_primavera","twitter_misc":{"Est. tempo de leitura":"5 minutos"},"schema":{"@context":"https:\/\/schema.org","@graph":[{"@type":"WebPage","@id":"https:\/\/gprimavera.org.br\/index.php\/fantoches-proac\/","url":"https:\/\/gprimavera.org.br\/index.php\/fantoches-proac\/","name":"Fantoches - PROAC - Grupo Primavera","isPartOf":{"@id":"https:\/\/gprimavera.org.br\/#website"},"datePublished":"2018-05-16T20:05:50+00:00","dateModified":"2021-02-03T19:14:06+00:00","breadcrumb":{"@id":"https:\/\/gprimavera.org.br\/index.php\/fantoches-proac\/#breadcrumb"},"inLanguage":"pt-BR","potentialAction":[{"@type":"ReadAction","target":["https:\/\/gprimavera.org.br\/index.php\/fantoches-proac\/"]}]},{"@type":"BreadcrumbList","@id":"https:\/\/gprimavera.org.br\/index.php\/fantoches-proac\/#breadcrumb","itemListElement":[{"@type":"ListItem","position":1,"name":"In\u00edcio","item":"https:\/\/gprimavera.org.br\/"},{"@type":"ListItem","position":2,"name":"Fantoches &#8211; PROAC"}]},{"@type":"WebSite","@id":"https:\/\/gprimavera.org.br\/#website","url":"https:\/\/gprimavera.org.br\/","name":"Grupo Primavera","description":"","potentialAction":[{"@type":"SearchAction","target":{"@type":"EntryPoint","urlTemplate":"https:\/\/gprimavera.org.br\/?s={search_term_string}"},"query-input":"required name=search_term_string"}],"inLanguage":"pt-BR"}]}},"_links":{"self":[{"href":"https:\/\/gprimavera.org.br\/index.php\/wp-json\/wp\/v2\/pages\/3835"}],"collection":[{"href":"https:\/\/gprimavera.org.br\/index.php\/wp-json\/wp\/v2\/pages"}],"about":[{"href":"https:\/\/gprimavera.org.br\/index.php\/wp-json\/wp\/v2\/types\/page"}],"author":[{"embeddable":true,"href":"https:\/\/gprimavera.org.br\/index.php\/wp-json\/wp\/v2\/users\/9"}],"replies":[{"embeddable":true,"href":"https:\/\/gprimavera.org.br\/index.php\/wp-json\/wp\/v2\/comments?post=3835"}],"version-history":[{"count":0,"href":"https:\/\/gprimavera.org.br\/index.php\/wp-json\/wp\/v2\/pages\/3835\/revisions"}],"wp:attachment":[{"href":"https:\/\/gprimavera.org.br\/index.php\/wp-json\/wp\/v2\/media?parent=3835"}],"curies":[{"name":"wp","href":"https:\/\/api.w.org\/{rel}","templated":true}]}}